{"id":2855,"date":"2024-01-24T21:41:20","date_gmt":"2024-01-24T21:41:20","guid":{"rendered":"https:\/\/www.solinoff.com\/?page_id=2855"},"modified":"2024-01-24T21:41:21","modified_gmt":"2024-01-24T21:41:21","slug":"linea-etica","status":"publish","type":"page","link":"https:\/\/www.solinoff.com\/en\/linea-etica\/","title":{"rendered":"L\u00ednea etica"},"content":{"rendered":"<p>SOLINOFF&nbsp;CORPORATION S.A.S pone a conocimiento de todas sus contrapartes (Clientes, proveedores, Colaboradores, Contratistas. etc.) que actualmente cuenta dentro de su ordenamiento interno con un SAGRILAFT (Sistema de autocontrol y gesti\u00f3n del riesgo integral LA\/FT\/FPADM) con el objetivo de gestionar y controlar los riesgos provenientes del lavado de activos y financiaci\u00f3n del terrorismo.<\/p>\n\n\n\n<p>Estas son una serie de medidas, tales como identificar a la contraparte, identificar al beneficiario final, entender el prop\u00f3sito de la relaci\u00f3n comercial, entre otros, para prevenir y detectar actividades asociadas a LA\/FT, dando cumplimiento a la Circular Externa 100-000016 del 24 de diciembre de 2020 expedida por la superintendencia de sociedades.<\/p>\n\n\n\n<p class=\"wp-block-heading\"><strong>Como parte interesada de la compa\u00f1\u00eda es deber de todos velar por su cumplimiento, por ello si identifica alg\u00fan tipo de actividad inusual o sospechosa, podr\u00e1 reportar a los canales establecidos<\/strong><\/p>\n\n\n\n<h1 class=\"wp-block-heading\"><a><\/a><a>POL\u00cdTICA DE TRATAMIENTO Y PROTECCI\u00d3N DE DATOS PERSONALES<\/a><\/h1>\n\n\n\n<p><strong>SOLINOFF CORPORATION S.A.S.<\/strong>&nbsp;identificada con NIT 800.134.773-2, con el objetivo de garantizar la protecci\u00f3n de los derechos a la privacidad, intimidad, el buen nombre, imagen, transparencia y la libertad de los datos personales de personas naturales o jur\u00eddicas que se encuentran dentro de nuestras bases de datos, con tal prop\u00f3sito todas las actuaciones y pol\u00edticas de Tratamiento de Datos se regir\u00e1n por los principios de buena fe, derecho, garant\u00edas y procedimientos previstos en nuestra Constituci\u00f3n Nacional, Ley 1581 de 2012, Decreto Reglamentario 1377 de 2013 y normas concordantes .<\/p>\n\n\n\n<p>De acuerdo a los requerimientos establecidos en la pol\u00edtica de tratamiento y Protecci\u00f3n de datos personales, mediante el registro de sus datos personales, usted autoriza a&nbsp;<strong>SOLINOFF CORPORATION S.A.S.<\/strong>&nbsp;para la recolecci\u00f3n, almacenamiento y uso de los mismos con la finalidad de adelantar los tr\u00e1mites pertinentes de acuerdo al tipo de solicitud. Como Titular de la informaci\u00f3n tiene derecho a conocer, actualizar y rectificar sus datos personales, solicitar prueba de la autorizaci\u00f3n otorgada para su tratamiento, ser informado sobre el uso que se ha dado a los mismos, revocar la autorizaci\u00f3n y\/o solicitar la supresi\u00f3n de sus datos en los casos en que sea procedente y acceder en forma gratuita a los mismos.<a><\/a><\/p>\n\n\n\n<p><strong>Objective<\/strong><\/p>\n\n\n\n<p>Esta pol\u00edtica define los lineamientos generales para la protecci\u00f3n y tratamiento de los datos personales por parte de&nbsp;<strong>SOLINOFF CORPORATION S.A.S.,&nbsp;<\/strong>en virtud del compromiso de velar por la seguridad y el uso adecuado de la informaci\u00f3n de los Titulares.&nbsp;<\/p>\n\n\n\n<h1 class=\"wp-block-heading\"><a>Scope of the dqata protection policy<\/a><\/h1>\n\n\n\n<p>La Pol\u00edtica de Tratamiento y Protecci\u00f3n de Datos Personales presentada a continuaci\u00f3n, aplica para todos los datos personales o cualquier informaci\u00f3n que repose en las bases de datos de&nbsp;<strong>SOLINOFF CORPORATION S.A.S.,<\/strong>&nbsp;se aplicar\u00e1 a todas las Bases de Datos y Archivos que contengan datos personales y que sean objeto de tratamiento, considerado como responsable o encargado del tratamiento de los datos personales. Todos los funcionarios, Contratistas y terceros que tengan relaci\u00f3n con&nbsp;<strong>SOLINOFF CORPORATION S.A.S.<\/strong>&nbsp;y que ejerzan tratamiento sobre las bases de datos personales, deben cumplir con esta pol\u00edtica y los procedimientos establecidos para el tratamiento de los datos personales.<\/p>\n\n\n\n<p>Este manual siguiendo los lineamientos establecidos por la Ley 1581 del 2012 y el Decreto 1377, con el prop\u00f3sito de establecer las responsabilidades del personal que tiene el manejo y tratamiento de datos de CLIENTES, PROVEEDORES, EMPLEADOS, PROSPECTO DE ESTOS y TERCEROS.<\/p>\n\n\n\n<h1 class=\"wp-block-heading\"><a>Use and purpose of the collection and processing of personal data<\/a><\/h1>\n\n\n\n<p><a><\/a>Los datos personales e informaci\u00f3n encontrada en nuestras bases de datos de clientes finales, proveedores, contratistas, empleados ser\u00e1n utilizados para el desarrollo del objeto social de&nbsp;&nbsp;<strong>SOLINOFF CORPORATION S.A.S.<\/strong>, as\u00ed como en el desarrollo de sus obligaciones legales, administrativas, operativas, contractuales y misionales; por lo tanto, salvaguardar\u00e1 las bases de datos que contenga la informaci\u00f3n recolectada, y no permitir\u00e1 el acceso a personal no autorizado, salvo las excepciones constitucionales y legales vigentes y aplicables sobre la materia. En ese sentido tomar\u00e1 todas las precauciones y medidas necesarias para garantizar la reserva de la informaci\u00f3n, de conformidad con el principio de confidencialidad que trata la Ley 1581 de 2012, y dem\u00e1s informaci\u00f3n vigente sobre la materia.<\/p>\n\n\n\n<p>El tratamiento que realizar\u00e1&nbsp;<strong>SOLINOFF CORPORATION S.A.S,<\/strong>&nbsp;ser\u00e1 el de recolectar, almacenar, procesar, usar y transmitir o transferir (seg\u00fan corresponda) los datos personales, atendiendo de forma estricta los deberes de seguridad y confidencialidad ordenados por la Ley 1581 de 2012 y el Decreto 1377 de 2013.<\/p>\n\n\n\n<p><strong>Purpose<\/strong><\/p>\n\n\n\n<p><strong>Proveedores, contratistas, clientes y\/o empleados y ex empleados:<\/strong>&nbsp;Realizar an\u00e1lisis de los datos, evaluaciones y selecci\u00f3n de proveedores y\/o contratistas potenciales. Comunicaci\u00f3n de nuestras pol\u00edticas y procedimientos para la vinculaci\u00f3n de proveedores. An\u00e1lisis de informaci\u00f3n sobre calidad y niveles de servicio recibidos de los proveedores. Cumplimiento legal en materia fiscal, de aduanas y comercial con entidades administrativas y judiciales. Iniciar acuerdos de negocio para adquirir bienes o servicios Control y pagos por los bienes y servicios recibidos. Labores de monitoreo, control y registro contable de las obligaciones contra\u00eddas con los proveedores. Consultas, auditorias y revisiones derivadas de los acuerdos con los proveedores y\/o contratistas. Controlar y prevenir el fraude en cualquiera de sus modalidades, en especial dar cumplimiento a obligaciones sobre Prevenci\u00f3n de Lavado de Activos y Financiaci\u00f3n del Terrorismo como aplicaci\u00f3n de la regulaci\u00f3n a empresas de juegos de apuestas y azar.<\/p>\n\n\n\n<p>Algunas de estas labores se realizan en cumplimiento de un deber legal y contractual y por&nbsp; tanto el tratamiento de datos personales se entiende incluido en las mismas.<\/p>\n\n\n\n<h1 class=\"wp-block-heading\"><a>Definitions<\/a><\/h1>\n\n\n\n<p>Datos:&nbsp; Es toda la informaci\u00f3n num\u00e9rica, alfab\u00e9tica, gr\u00e1fica, fotogr\u00e1fica, ac\u00fastica o de cualquier otro tipo, susceptible tratamiento, concerniente a personas f\u00edsicas determinadas o determinables (tales como nombre, apellidos, estado civil, sexo, edad, domicilio, n\u00famero de la seguridad social, n\u00famero de matr\u00edcula del empleado, identificaci\u00f3n personal, n\u00famero de tel\u00e9fono, correo electr\u00f3nico, etc.).<\/p>\n\n\n\n<p><strong>Bases de datos:&nbsp;<\/strong>Conjunto organizado de datos personales que sea objeto de Tratamiento.<\/p>\n\n\n\n<p>Titular<strong>:<\/strong>&nbsp;Persona natural cuyos datos personales sean objeto de Tratamiento.<\/p>\n\n\n\n<p><strong>Datos personales:<\/strong>&nbsp;Los datos personales son cualquier informaci\u00f3n relativa a una persona f\u00edsica viva identificada o identificable.<\/p>\n\n\n\n<p><strong>An\u00e1lisis de datos:&nbsp;<\/strong>Es el estudio exhaustivo de un conjunto de informaci\u00f3n cuyo objetivo es obtener conclusiones que permitan a una empresa o entidad tomar una decisi\u00f3n.<\/p>\n\n\n\n<p>AUTORIZACI\u00d3N<\/p>\n\n\n\n<p>Sin perjuicio de las excepciones previstas en la ley, en el Tratamiento se requiere la autorizaci\u00f3n previa e informada del Titular, la cual deber\u00e1 ser obtenida por cualquier medio que pueda ser objeto de consulta posterior.<\/p>\n\n\n\n<p>La autorizaci\u00f3n para el tratamiento de datos personales ser\u00e1 obtenida por&nbsp;<strong>SOLINOFF CORPORATION S.A.S<\/strong>&nbsp;mediante alguno de los siguientes mecanismos:<\/p>\n\n\n\n<ul class=\"wp-block-list\">\n<li>Por escrito, a trav\u00e9s de formularios, herramientas electr\u00f3nicas, punto de atenci\u00f3n personalizada, tel\u00e9fono fijo.<\/li>\n\n\n\n<li>Mediante conductas inequ\u00edvocas del Titular que permitan concluir razonablemente su autorizaci\u00f3n. Por ejemplo, y sin limitarse a estas, la compra o venta de productos y\/o servicios, la solicitud de prestaci\u00f3n de servicios, la presentaci\u00f3n de peticiones, quejas y\/o reclamos.: Sin perjuicio de las excepciones previstas en la ley, en el Tratamiento se requiere la autorizaci\u00f3n previa e informada del Titular, la cual deber\u00e1 ser obtenida por cualquier medio que pueda ser objeto de consulta posterior.<\/li>\n<\/ul>\n\n\n\n<h1 class=\"wp-block-heading\"><a>Data Controller<\/a><\/h1>\n\n\n\n<p><strong>SOLINOFF CORPORATION S.A.S<\/strong>&nbsp;ser\u00e1 el responsable del tratamiento de los datos personales y las bases de datos.&nbsp;<\/p>\n\n\n\n<p><strong>Sede principal:<\/strong>&nbsp;KM 3 VIA FUNZA SIBERIA MZ A BG 6 PARQUE IND GALICIA<\/p>\n\n\n\n<p><strong>Tel\u00e9fono de contacto<\/strong>&nbsp;(601) 4463822<\/p>\n\n\n\n<p><strong>Email<\/strong>: &nbsp;<a href=\"mailto:servicioalcliente@solinoff.com\">servicioalcliente@solinoff.com<\/a><\/p>\n\n\n\n<h1 class=\"wp-block-heading\"><a>Sensitive personal data handling<\/a><\/h1>\n\n\n\n<p>Se entiende por dato sensible aquel que afecta la intimidad del Titular o cuyo uso indebido puede generar su discriminaci\u00f3n, tal como aquel que revele el origen racial o \u00e9tnico, la orientaci\u00f3n pol\u00edtica, las convicciones religiosas o filos\u00f3ficas, la pertenencia a sindicatos, organizaciones sociales, de derechos humanos o que promueva intereses de cualquier partido pol\u00edtico o que garanticen los derechos y garant\u00edas de partidos pol\u00edticos de oposici\u00f3n, as\u00ed como los datos relativos a la salud, a la vida sexual, y los datos biom\u00e9tricos.<\/p>\n\n\n\n<p>En ese orden de ideas&nbsp;&nbsp;<strong>SOLINOFF CORPORATION S.A.S<\/strong>, no recolectar\u00e1, usar\u00e1 o tratar\u00e1 datos sensibles, salvo que el Titular de los mismos emita una autorizaci\u00f3n expresa para dicho tratamiento, o en los casos en que la ley determina que no se requiere dicha autorizaci\u00f3n.<\/p>\n\n\n\n<h1 class=\"wp-block-heading\"><a>Rights of data subjects<\/a><\/h1>\n\n\n\n<p>Los titulares de los datos personales, son las personas naturales cuyos datos sean objeto de Tratamiento por parte de&nbsp;<strong>SOLINOFF CORPORATION S.A.S D<\/strong>e acuerdo con lo contemplado por la normatividad vigente aplicable en materia de protecci\u00f3n de datos, los siguientes son los derechos de los titulares de los datos personales:<\/p>\n\n\n\n<ul class=\"wp-block-list\">\n<li>Conocer, actualizar y rectificar sus datos personales. Este derecho se podr\u00e1 ejercer, entre otros, frente a datos parciales, inexactos, incompletos, fraccionados, que induzcan a error, o aquellos cuyo tratamiento est\u00e9 expresamente prohibido o no haya sido autorizado.<\/li>\n\n\n\n<li>Solicitar prueba de la autorizaci\u00f3n otorgada, salvo cuando expresamente se except\u00fae como requisito para el tratamiento, de conformidad con lo previsto en el art\u00edculo 10 de la ley 1581 de 2012.<\/li>\n\n\n\n<li>Ser informado, previa solicitud, respecto del uso que le ha dado a sus datos personales.<\/li>\n\n\n\n<li>Presentar ante la Superintendencia de Industria y Comercio quejas por infracciones a lo dispuesto en la ley 1581 de 2012 y las dem\u00e1s normas que la modifiquen, adicionen o complementen.<\/li>\n\n\n\n<li>Revocar autorizaci\u00f3n y\/o solicitar la supresi\u00f3n del dato cuando en el tratamiento no se respeten los principios, derechos y garant\u00edas constitucionales y legales. La revocatoria y\/o supresi\u00f3n proceder\u00e1 cuando la Superintendencia de Industria y Comercio haya determinado que en el tratamiento el Responsable o Encargado han incurrido en conductas contrarias a esta ley y a la Constituci\u00f3n.<\/li>\n\n\n\n<li>Consultar o acceder en forma gratuita a sus datos personales que hayan sido objeto de tratamiento.<\/li>\n<\/ul>\n\n\n\n<h1 class=\"wp-block-heading\"><a>Database confidentiality and security<\/a><\/h1>\n\n\n\n<p>SOLINOFF CORPORATION S.A.S. will implement best practices for the security, discretion, protection, storage, and confidentiality of the Personal Data of the data subjects. It will verify, when appropriate, the origin of the legal exceptions to provide personal data to the authorities and in relevant cases.<\/p>\n\n\n\n<h1 class=\"wp-block-heading\"><a>Policy validity<\/a><\/h1>\n\n\n\n<p>La presente pol\u00edtica rige a partir de la fecha de su publicaci\u00f3n. Toda informaci\u00f3n no contemplada en la presente pol\u00edtica, se reglamentar\u00e1 de acuerdo al R\u00e9gimen General de Protecci\u00f3n de Datos Personales vigente en Colombia.<\/p>\n\n\n\n<p>La actualizaci\u00f3n de la Pol\u00edticas de Protecci\u00f3n de Datos Personales depender\u00e1 de las instrucciones y lineamientos de la Direcci\u00f3n Ejecutiva de SOLINOFF CORPORATION S.A.S &nbsp;as\u00ed como de las extensiones reglamentarias del ente de vigilancia y control, la Superintendencia de Industria y Comercio. Cualquier inquietud adicional nos puede escribir al correo&nbsp;<a href=\"mailto:servicioalcliente@solinoff.com\">servicioalcliente@solinoff.com<\/a>, los mensajes ser\u00e1n atendidos a la mayor brevedad posible.<\/p>","protected":false},"excerpt":{"rendered":"<p>SOLINOFF&nbsp;CORPORATION S.A.S pone a conocimiento de todas sus contrapartes (Clientes, proveedores, Colaboradores, Contratistas. etc.) que actualmente cuenta dentro de su ordenamiento interno con un SAGRILAFT (Sistema de autocontrol y gesti\u00f3n del riesgo integral LA\/FT\/FPADM) con el objetivo de gestionar y controlar los riesgos provenientes del lavado de activos y financiaci\u00f3n del terrorismo. Estas son una [&hellip;]<\/p>","protected":false},"author":5,"featured_media":0,"parent":0,"menu_order":0,"comment_status":"closed","ping_status":"closed","template":"","meta":{"om_disable_all_campaigns":false,"_monsterinsights_skip_tracking":false,"_monsterinsights_sitenote_active":false,"_monsterinsights_sitenote_note":"","_monsterinsights_sitenote_category":0,"_uf_show_specific_survey":0,"_uf_disable_surveys":false,"footnotes":""},"class_list":["post-2855","page","type-page","status-publish","hentry"],"aioseo_notices":[],"yoast_head":"<!-- This site is optimized with the Yoast SEO plugin v24.7 - https:\/\/yoast.com\/wordpress\/plugins\/seo\/ -->\n<title>L\u00ednea etica - Solinoff<\/title>\n<meta name=\"robots\" content=\"index, follow, max-snippet:-1, max-image-preview:large, max-video-preview:-1\" \/>\n<link rel=\"canonical\" href=\"https:\/\/www.solinoff.com\/en\/linea-etica\/\" \/>\n<meta property=\"og:locale\" content=\"en_US\" \/>\n<meta property=\"og:type\" content=\"article\" \/>\n<meta property=\"og:title\" content=\"L\u00ednea etica - Solinoff\" \/>\n<meta property=\"og:description\" content=\"SOLINOFF&nbsp;CORPORATION S.A.S pone a conocimiento de todas sus contrapartes (Clientes, proveedores, Colaboradores, Contratistas. etc.) que actualmente cuenta dentro de su ordenamiento interno con un SAGRILAFT (Sistema de autocontrol y gesti\u00f3n del riesgo integral LA\/FT\/FPADM) con el objetivo de gestionar y controlar los riesgos provenientes del lavado de activos y financiaci\u00f3n del terrorismo. Estas son una [&hellip;]\" \/>\n<meta property=\"og:url\" content=\"https:\/\/www.solinoff.com\/en\/linea-etica\/\" \/>\n<meta property=\"og:site_name\" content=\"Solinoff\" \/>\n<meta property=\"article:publisher\" content=\"https:\/\/www.facebook.com\/Solinoff\" \/>\n<meta property=\"article:modified_time\" content=\"2024-01-24T21:41:21+00:00\" \/>\n<meta name=\"twitter:card\" content=\"summary_large_image\" \/>\n<meta name=\"twitter:label1\" content=\"Est. reading time\" \/>\n\t<meta name=\"twitter:data1\" content=\"8 minutes\" \/>\n<script type=\"application\/ld+json\" class=\"yoast-schema-graph\">{\"@context\":\"https:\/\/schema.org\",\"@graph\":[{\"@type\":\"WebPage\",\"@id\":\"https:\/\/www.solinoff.com\/linea-etica\/\",\"url\":\"https:\/\/www.solinoff.com\/linea-etica\/\",\"name\":\"L\u00ednea etica - Solinoff\",\"isPartOf\":{\"@id\":\"https:\/\/www.solinoff.com\/#website\"},\"datePublished\":\"2024-01-24T21:41:20+00:00\",\"dateModified\":\"2024-01-24T21:41:21+00:00\",\"breadcrumb\":{\"@id\":\"https:\/\/www.solinoff.com\/linea-etica\/#breadcrumb\"},\"inLanguage\":\"en-US\",\"potentialAction\":[{\"@type\":\"ReadAction\",\"target\":[\"https:\/\/www.solinoff.com\/linea-etica\/\"]}]},{\"@type\":\"BreadcrumbList\",\"@id\":\"https:\/\/www.solinoff.com\/linea-etica\/#breadcrumb\",\"itemListElement\":[{\"@type\":\"ListItem\",\"position\":1,\"name\":\"Portada\",\"item\":\"https:\/\/www.solinoff.com\/\"},{\"@type\":\"ListItem\",\"position\":2,\"name\":\"L\u00ednea etica\"}]},{\"@type\":\"WebSite\",\"@id\":\"https:\/\/www.solinoff.com\/#website\",\"url\":\"https:\/\/www.solinoff.com\/\",\"name\":\"Solinoff\",\"description\":\"Muebles a medida\",\"publisher\":{\"@id\":\"https:\/\/www.solinoff.com\/#organization\"},\"potentialAction\":[{\"@type\":\"SearchAction\",\"target\":{\"@type\":\"EntryPoint\",\"urlTemplate\":\"https:\/\/www.solinoff.com\/?s={search_term_string}\"},\"query-input\":{\"@type\":\"PropertyValueSpecification\",\"valueRequired\":true,\"valueName\":\"search_term_string\"}}],\"inLanguage\":\"en-US\"},{\"@type\":\"Organization\",\"@id\":\"https:\/\/www.solinoff.com\/#organization\",\"name\":\"Solinoff\",\"url\":\"https:\/\/www.solinoff.com\/\",\"logo\":{\"@type\":\"ImageObject\",\"inLanguage\":\"en-US\",\"@id\":\"https:\/\/www.solinoff.com\/#\/schema\/logo\/image\/\",\"url\":\"https:\/\/www.solinoff.com\/wp-content\/uploads\/2024\/07\/Solinoff-Rojo.png\",\"contentUrl\":\"https:\/\/www.solinoff.com\/wp-content\/uploads\/2024\/07\/Solinoff-Rojo.png\",\"width\":1718,\"height\":504,\"caption\":\"Solinoff\"},\"image\":{\"@id\":\"https:\/\/www.solinoff.com\/#\/schema\/logo\/image\/\"},\"sameAs\":[\"https:\/\/www.facebook.com\/Solinoff\",\"https:\/\/www.instagram.com\/solinoffcorp\/\"]}]}<\/script>\n<!-- \/ Yoast SEO plugin. -->","yoast_head_json":{"title":"L\u00ednea etica - Solinoff","robots":{"index":"index","follow":"follow","max-snippet":"max-snippet:-1","max-image-preview":"max-image-preview:large","max-video-preview":"max-video-preview:-1"},"canonical":"https:\/\/www.solinoff.com\/en\/linea-etica\/","og_locale":"en_US","og_type":"article","og_title":"L\u00ednea etica - Solinoff","og_description":"SOLINOFF&nbsp;CORPORATION S.A.S pone a conocimiento de todas sus contrapartes (Clientes, proveedores, Colaboradores, Contratistas. etc.) que actualmente cuenta dentro de su ordenamiento interno con un SAGRILAFT (Sistema de autocontrol y gesti\u00f3n del riesgo integral LA\/FT\/FPADM) con el objetivo de gestionar y controlar los riesgos provenientes del lavado de activos y financiaci\u00f3n del terrorismo. Estas son una [&hellip;]","og_url":"https:\/\/www.solinoff.com\/en\/linea-etica\/","og_site_name":"Solinoff","article_publisher":"https:\/\/www.facebook.com\/Solinoff","article_modified_time":"2024-01-24T21:41:21+00:00","twitter_card":"summary_large_image","twitter_misc":{"Est. reading time":"8 minutes"},"schema":{"@context":"https:\/\/schema.org","@graph":[{"@type":"WebPage","@id":"https:\/\/www.solinoff.com\/linea-etica\/","url":"https:\/\/www.solinoff.com\/linea-etica\/","name":"L\u00ednea etica - Solinoff","isPartOf":{"@id":"https:\/\/www.solinoff.com\/#website"},"datePublished":"2024-01-24T21:41:20+00:00","dateModified":"2024-01-24T21:41:21+00:00","breadcrumb":{"@id":"https:\/\/www.solinoff.com\/linea-etica\/#breadcrumb"},"inLanguage":"en-US","potentialAction":[{"@type":"ReadAction","target":["https:\/\/www.solinoff.com\/linea-etica\/"]}]},{"@type":"BreadcrumbList","@id":"https:\/\/www.solinoff.com\/linea-etica\/#breadcrumb","itemListElement":[{"@type":"ListItem","position":1,"name":"Portada","item":"https:\/\/www.solinoff.com\/"},{"@type":"ListItem","position":2,"name":"L\u00ednea etica"}]},{"@type":"WebSite","@id":"https:\/\/www.solinoff.com\/#website","url":"https:\/\/www.solinoff.com\/","name":"Solinoff","description":"Muebles a medida","publisher":{"@id":"https:\/\/www.solinoff.com\/#organization"},"potentialAction":[{"@type":"SearchAction","target":{"@type":"EntryPoint","urlTemplate":"https:\/\/www.solinoff.com\/?s={search_term_string}"},"query-input":{"@type":"PropertyValueSpecification","valueRequired":true,"valueName":"search_term_string"}}],"inLanguage":"en-US"},{"@type":"Organization","@id":"https:\/\/www.solinoff.com\/#organization","name":"Solinoff","url":"https:\/\/www.solinoff.com\/","logo":{"@type":"ImageObject","inLanguage":"en-US","@id":"https:\/\/www.solinoff.com\/#\/schema\/logo\/image\/","url":"https:\/\/www.solinoff.com\/wp-content\/uploads\/2024\/07\/Solinoff-Rojo.png","contentUrl":"https:\/\/www.solinoff.com\/wp-content\/uploads\/2024\/07\/Solinoff-Rojo.png","width":1718,"height":504,"caption":"Solinoff"},"image":{"@id":"https:\/\/www.solinoff.com\/#\/schema\/logo\/image\/"},"sameAs":["https:\/\/www.facebook.com\/Solinoff","https:\/\/www.instagram.com\/solinoffcorp\/"]}]}},"jetpack_sharing_enabled":true,"_links":{"self":[{"href":"https:\/\/www.solinoff.com\/en\/wp-json\/wp\/v2\/pages\/2855","targetHints":{"allow":["GET"]}}],"collection":[{"href":"https:\/\/www.solinoff.com\/en\/wp-json\/wp\/v2\/pages"}],"about":[{"href":"https:\/\/www.solinoff.com\/en\/wp-json\/wp\/v2\/types\/page"}],"author":[{"embeddable":true,"href":"https:\/\/www.solinoff.com\/en\/wp-json\/wp\/v2\/users\/5"}],"replies":[{"embeddable":true,"href":"https:\/\/www.solinoff.com\/en\/wp-json\/wp\/v2\/comments?post=2855"}],"version-history":[{"count":1,"href":"https:\/\/www.solinoff.com\/en\/wp-json\/wp\/v2\/pages\/2855\/revisions"}],"predecessor-version":[{"id":2856,"href":"https:\/\/www.solinoff.com\/en\/wp-json\/wp\/v2\/pages\/2855\/revisions\/2856"}],"wp:attachment":[{"href":"https:\/\/www.solinoff.com\/en\/wp-json\/wp\/v2\/media?parent=2855"}],"curies":[{"name":"wp","href":"https:\/\/api.w.org\/{rel}","templated":true}]}}